{"id":3,"date":"2023-10-03T11:54:40","date_gmt":"2023-10-03T09:54:40","guid":{"rendered":"http:\/\/vdmfk.videoportal.me\/?page_id=3"},"modified":"2023-10-04T09:50:22","modified_gmt":"2023-10-04T07:50:22","slug":"datenschutzerklaerung","status":"publish","type":"page","link":"https:\/\/vdmfk.videoportal.me\/?page_id=3","title":{"rendered":"Datenschutzerkl\u00e4rung"},"content":{"rendered":"\n<p>Unsere Verarbeitung personenbezogener Daten unserer Nutzer beschr\u00e4nkt sich auf jene Daten, die zur Bereitstellung einer funktionsf\u00e4higen Internetseite sowie unserer Inhalte und Leistungen erforderlich sind. Die Verarbeitung personenbezogener Daten unserer Nutzer erfolgt nur zu den unten aufgef\u00fchrten Zwecken und wenn eine rechtliche Grundlage (im Sinn der DSGVO) vorliegt. Es werden nur solche personenbezogenen Daten erhoben, die f\u00fcr die Durchf\u00fchrung und Abwicklung unserer Aufgaben und Leistungen tats\u00e4chlich erforderlich sind oder die Sie uns freiwillig zur Verf\u00fcgung gestellt haben.<\/p>\n\n\n\n<h2 class=\"wp-block-heading\">I. Name und Anschrift des Verantwortlichen und des Datenschutzbeauftragten<\/h2>\n\n\n\n<p>Der Verantwortliche im Sinne der Datenschutz-Grundverordnung (DSGVO) ist:<br>Vereinigung der mund- und fussmalenden K\u00fcnstler in aller Welt, VDMFK e.V.<br>Im Rietle 25<br>9494 Schaan<br>F\u00fcrstentum Liechtenstein<\/p>\n\n\n\n<p>Telefon +423 232 11 76<br><a href=\"mailto:office@vdmfk.li\">office@vdmfk.li<\/a><\/p>\n\n\n\n<p>Die betriebliche Datenschutzbeauftragte von der Vereinigung der mund- und fussmalenden K\u00fcnstler in aller Welt, VDMFK e.V. ist unter der o.g. Anschrift erreichbar.<\/p>\n\n\n\n<h2 class=\"wp-block-heading\">II. Beschreibung und Umfang der Datenverarbeitung<\/h2>\n\n\n\n<h3 class=\"wp-block-heading\">1. Bereitstellung der Webseite<\/h3>\n\n\n\n<p>Bei jedem Aufruf unserer Internetseite erfasst unser Webserver in sogenannten Server-Log Files automatisiert Daten und Informationen vom Computersystem des aufrufenden Rechners. Folgende Daten werden hierbei erhoben:<\/p>\n\n\n\n<ul class=\"wp-block-list\">\n<li>Datum und Uhrzeit des Zugriffs<\/li>\n\n\n\n<li>Die IP-Adresse des Nutzers<\/li>\n\n\n\n<li>Informationen \u00fcber den Browsertyp und die verwendete Version<\/li>\n<\/ul>\n\n\n\n<p>Diese Informationen speichern wir \u00fcber einen Zeitraum von maximal 30 Tagen. Die Speicherung erfolgt aus Gr\u00fcnden der Datensicherheit, um die Stabilit\u00e4t und die Betriebssicherheit unseres Systems zu gew\u00e4hrleisten.<\/p>\n\n\n\n<h3 class=\"wp-block-heading\">2. Cookies<\/h3>\n\n\n\n<p>Wir verwenden auf unserer Webseite Cookies, um damit unser Angebot nutzerfreundlich zu gestalten. Cookies sind kleine Dateien, die Ihr Browser automatisch erstellt und die auf Ihrem Endger\u00e4t (Laptop, Tablet, Smartphone etc.) gespeichert werden, wenn Sie unsere Seite besuchen. Die Cookies bleiben so lange gespeichert, bis Sie diese l\u00f6schen. Dadurch k\u00f6nnen wir Ihren Browser beim n\u00e4chsten Besuch wieder erkennen.<\/p>\n\n\n\n<p>Sollten Sie dies nicht w\u00fcnschen, k\u00f6nnen Sie Ihren Browser so einrichten, dass er Sie \u00fcber das Setzen von Cookies informiert und Sie diese im Einzelfall erlauben. Wir weisen Sie allerdings darauf hin, dass eine Deaktivierung dazu f\u00fchrt, dass Sie nicht alle Funktionen unserer Webseite nutzen k\u00f6nnen.<\/p>\n\n\n\n<p>Rechtsgrundlage f\u00fcr die durch Cookies verarbeiteten Daten ist Art. 6 Abs. 1 lit. f DSGVO.<\/p>\n\n\n\n<p>Die meisten der von uns verwendeten Cookies sind so genannte \u00absession cookies\u00bb oder tempor\u00e4re Cookies. Sie werden nach dem Ende Ihres Besuchs automatisch gel\u00f6scht. Die permanenten Cookies bleiben in Ihrem Browser gem\u00e4ss Ihren eigenen Vorgaben oder bis sie manuell gel\u00f6scht werden.<\/p>\n\n\n\n<p>In unserem Cookies-Hinweis finden sie alle Cookies aufgelistet, nach Funktion sortiert und im Detail erkl\u00e4rt. Sie k\u00f6nnen ihre Einstellungen individualisieren und entsprechend nur die notwendigen oder alle Cookies (inkl. Statistik, Marketing, etc.) zulassen oder ablehnen.<\/p>\n\n\n\n<h3 class=\"wp-block-heading\">3. Webanalyse<\/h3>\n\n\n\n<p>Diese Website nutzt den Dienst \u201eGoogle Analytics\u201c, welcher von der Google Inc. (1600 Amphitheatre Parkway Mountain View, CA 94043, USA) angeboten wird, zur Analyse der Websitebenutzung durch Nutzer. Der Dienst verwendet \u201eCookies\u201c \u2013 Textdateien, welche auf Ihrem Endger\u00e4t gespeichert werden. Die durch die Cookies gesammelten Informationen werden im Regelfall an einen Google-Server in den USA gesandt und dort gespeichert.<\/p>\n\n\n\n<p>Auf dieser Website greift die IP-Anonymisierung. Die IP-Adresse der Nutzer wird innerhalb der Mitgliedsstaaten der EU und des Europ\u00e4ischen Wirtschaftsraum gek\u00fcrzt. Durch diese K\u00fcrzung entf\u00e4llt der Personenbezug Ihrer IP-Adresse. Im Rahmen der Vereinbarung zur Auftragsdatenvereinbarung, welche die Websitebetreiber mit der Google Inc. geschlossen haben, erstellt diese mithilfe der gesammelten Informationen eine Auswertung der Websitenutzung und der Websiteaktivit\u00e4t und erbringt mit der Internetnutzung verbundene Dienstleistungen.<\/p>\n\n\n\n<p>Sie haben die M\u00f6glichkeit, die Speicherung des Cookies auf Ihrem Ger\u00e4t zu verhindern, indem Sie in Ihrem Browser entsprechende Einstellungen vornehmen. Es ist nicht gew\u00e4hrleistet, dass Sie auf alle Funktionen dieser Website ohne Einschr\u00e4nkungen zugreifen k\u00f6nnen, wenn Ihr Browser keine Cookies zul\u00e4sst.<\/p>\n\n\n\n<p>Weiterhin k\u00f6nnen Sie durch ein Browser-Plugin verhindern, dass die durch Cookies gesammelten Informationen (inklusive Ihrer IP-Adresse) an die Google Inc. gesendet und von der Google Inc. genutzt werden. Folgender Link f\u00fchrt Sie zu dem entsprechenden Plugin: https:\/\/tools.google.com\/dlpage\/gaoptout?hl=de<br>Hier finden Sie weitere Informationen zur Datennutzung durch die Google Inc.: https:\/\/support.google.com\/analytics\/answer\/6004245?hl=de<\/p>\n\n\n\n<p>Es findet keine personenbezogene Auswertung statt. Die Analysen basieren auf anonymisierten Datens\u00e4tzen. Die statistischen Auswertungen werden f\u00fcr 26 Monate aufbewahrt.<\/p>\n\n\n\n<p>Alternativ k\u00f6nnen sie auch direkt via unserem Cookies-Hinweis ihre Einstellungen individualisieren und entsprechend nur die notwendigen oder sonst alle Cookies (inkl. Google Analytics) zulassen oder ablehnen.<\/p>\n\n\n\n<h3 class=\"wp-block-heading\">4. Youtube<\/h3>\n\n\n\n<p>Wir setzen auf unseren Internetseiten (Videos) des Videoportals \u201eYouTube\u201c des Unternehmens Google Ireland Limited, Gordon House, Barrow Street, Dublin 4, Irland (Im Folgenden: \u201eGoogle\u201c) ein. Die Implementierung erfolgt aufgrund von Art. 6 Abs. 1 S. 1 lit. f DSGVO, wobei unser Interesse in der reibungslosen Integration der Videos und der damit ansprechenden Gestaltung unserer Webseite liegt.<\/p>\n\n\n\n<p>Hierbei nutzen wir die von Google zur Verf\u00fcgung gestellte Option des \u00bberweiterter Datenschutzmodus\u00ab.<\/p>\n\n\n\n<p>Wenn Sie eine Seite aufrufen, die \u00fcber ein eingebettetes Video verf\u00fcgt, wird eine Verbindung zu den Google-Servern hergestellt und dabei der Inhalt durch Mitteilung an Ihren Browser auf der Internetseite dargestellt.<\/p>\n\n\n\n<p>Laut den Angaben von Google werden im \u00bberweiterten Datenschutzmodus\u00ab nur dann Ihre Daten \u2013 insbesondere welche unserer Internetseiten Sie besucht haben sowie ger\u00e4tespezifische Informationen inklusive der IP-Adresse \u2013 an den YouTube-Server in den USA \u00fcbermittelt, wenn Sie das Video anschauen. Durch den Klick auf das Video willigen Sie in diese \u00dcbermittlung ein.<\/p>\n\n\n\n<p>Sind Sie gleichzeitig bei Google eingeloggt, werden diese Informationen Ihrem Mitgliedskonto bei YouTube zugeordnet. Dies k\u00f6nnen Sie verhindern, indem Sie sich vor dem Besuch unserer Website von Ihrem Mitgliedskonto abmelden.<\/p>\n\n\n\n<p>Teilweise werden Informationen an die Muttergesellschaft Google Inc. mit Sitz in den USA, an andere Google-Unternehmen und an externe Partner von Google \u00fcbermittelt, die sich jeweils au\u00dferhalb der Europ\u00e4ischen Union befinden k\u00f6nnen. Google verwendet daf\u00fcr von der Europ\u00e4ischen Kommission genehmigte Standardvertragsklauseln und verl\u00e4sst sich auf die von der Europ\u00e4ischen Kommission erlassenen Angemessenheitsbeschl\u00fcsse bez\u00fcglich bestimmter L\u00e4nder.<\/p>\n\n\n\n<p>Weitere Informationen zum Datenschutz im Zusammenhang mit YouTube finden Sie in den Datenschutzbestimmungen von Google: https:\/\/policies.google.com\/privacy?hl=de&amp;gl=de<\/p>\n\n\n\n<p>Alternativ k\u00f6nnen sie auch direkt via unserem Cookies-Hinweis ihre Einstellungen individualisieren und entsprechend nur die notwendigen oder sonst alle Cookies (inkl. YouTube) zulassen oder ablehnen.<\/p>\n\n\n\n<h3 class=\"wp-block-heading\">5. Facebook<\/h3>\n\n\n\n<p>Wir verwenden die Plattform und die Dienste der Facebook Inc., 1 Hacker Way, Menlo Park, CA 94025 U.S.A.<\/p>\n\n\n\n<p>Wir weisen Sie darauf hin, dass Sie Facebook und dessen Funktionen in eigener Verantwortung nutzen. Dies gilt insbesondere f\u00fcr die Nutzung der interaktiven Funktionen (z.B. Kommentieren, Teilen, Liken, Private Message). Es ist nicht genau bekannt, in welchem Umfang Facebook Daten speichert und anschliessend f\u00fcr eigene Zwecke nutzt.<\/p>\n\n\n\n<p>Es kann jedoch davon ausgegangen werden, dass Facebook unter Umst\u00e4nden Ihre Eingaben und Aktionen aufzeichnet und auswertet. Ebenso besteht die M\u00f6glichkeit, dass Facebook diese Daten auch an Dritte weitergibt.<\/p>\n\n\n\n<p>Deshalb empfehlen wir Ihnen, die Datenverwendungsrichtlinien von Facebook auf https:\/\/m.facebook.com\/about\/privacy zu lesen und die entsprechenden Privatsph\u00e4re-Einstellungen in Ihrem Account vorzunehmen.<\/p>\n\n\n\n<h3 class=\"wp-block-heading\">6. Instagram<\/h3>\n\n\n\n<p>Wir verwenden die Plattform und die Dienste der Instagram LLC, 1601 Willow Rd, Menlo Park CA 94025 U.S.A.<\/p>\n\n\n\n<p>Wir weisen Sie darauf hin, dass Sie Instagram und dessen Funktionen in eigener Verantwortung nutzen. Dies gilt insbesondere f\u00fcr die Nutzung der interaktiven Funktionen (z.B. Kommentieren, Bewerten). Es ist nicht genau bekannt, in welchem Umfang Instagram Daten speichert und anschliessend f\u00fcr eigene Zwecke nutzt. Es kann jedoch davon ausgegangen werden, dass Instagram Ihre Daten unter Umst\u00e4nden aufzeichnet und auswertet. Ebenso besteht die M\u00f6glichkeit, dass Instagram diese Daten auch an Dritte weitergibt.<\/p>\n\n\n\n<p>Deshalb empfehlen wir Ihnen, die Datenverwendungsrichtlinien von Instagram auf https:\/\/help.instagram.com\/519522125107875?helpref=page_content zu lesen und die entsprechenden Privatsph\u00e4re-Einstellungen in Ihrem Account vorzunehmen.<\/p>\n\n\n\n<h2 class=\"wp-block-heading\">III. Datensicherheit<\/h2>\n\n\n\n<p>Wir verwenden innerhalb des Webseite-Besuchs das verbreitete TLS-Verfahren in Verbindung mit der jeweils h\u00f6chsten Verschl\u00fcsselungsstufe, die von Ihrem Browser unterst\u00fctzt wird. Ob eine einzelne Seite unseres Internetauftrittes verschl\u00fcsselt \u00fcbertragen wird, erkennen Sie an der geschlossenen Darstellung des Schl\u00fcssel- beziehungsweise Schloss-Symbols in der Adressleiste Ihres Browsers.<\/p>\n\n\n\n<p>Dar\u00fcber hinaus wenden wir weitere geeignete technische und organisatorische Sicherheitsmassnahmen an, um Ihre Daten gegen zuf\u00e4llige oder vors\u00e4tzliche Manipulationen, teilweisen oder vollst\u00e4ndigen Verlust, Zerst\u00f6rung oder gegen den unbefugten Zugriff Dritter zu sch\u00fctzen. Unsere Sicherheitsmassnahmen werden entsprechend der technologischen Entwicklung fortlaufend verbessert.<\/p>\n\n\n\n<h2 class=\"wp-block-heading\">IV. Ihre Rechte (Betroffenenrechte)<\/h2>\n\n\n\n<p>Sie haben das Recht, Auskunft \u00fcber Ihre von uns verarbeiteten personenbezogenen Daten zu verlangen. Insbesondere k\u00f6nnen Sie Auskunft \u00fcber die Verarbeitungszwecke, die Kategorien der personenbezogenen Daten, die Kategorien von Empf\u00e4ngern, gegen\u00fcber denen Ihre Daten offengelegt wurden oder werden, die geplante Speicherdauer, das Bestehen eines Rechts auf Berichtigung, L\u00f6schung, Einschr\u00e4nkung der Verarbeitung oder Widerspruch, Daten\u00fcbertragung, die Herkunft Ihrer Daten, sofern diese nicht bei uns erhoben wurden, sowie \u00fcber das Bestehen einer automatisierten Entscheidungsfindung einschliesslich Profiling verlangen.<\/p>\n\n\n\n<p>Sie haben auch das Recht, eine allenfalls erteilte Einwilligung zur Nutzung Ihrer personenbezogenen Daten jederzeit zu widerrufen.<\/p>\n\n\n\n<p>Sie k\u00f6nnen Ihre genannten Rechte jederzeit bei uns geltend machen unter der angegebenen Kontaktadresse.<\/p>\n\n\n\n<p>Sofern Sie der Auffassung sind, dass die Verarbeitung Ihrer personenbezogenen Daten durch uns im Widerspruch zu den geltenden Datenschutzbestimmungen steht, haben Sie die M\u00f6glichkeit, sich bei der Datenschutzstelle des F\u00fcrstentums Liechtenstein zu beschweren.<\/p>\n","protected":false},"excerpt":{"rendered":"<p>Unsere Verarbeitung personenbezogener Daten unserer Nutzer beschr\u00e4nkt sich auf jene Daten, die zur Bereitstellung einer funktionsf\u00e4higen Internetseite sowie unserer Inhalte und Leistungen erforderlich sind. Die Verarbeitung personenbezogener Daten unserer Nutzer erfolgt nur zu den unten aufgef\u00fchrten Zwecken und wenn eine rechtliche Grundlage (im Sinn der DSGVO) vorliegt. Es werden nur solche personenbezogenen Daten erhoben, die [&hellip;]<\/p>\n","protected":false},"author":1,"featured_media":0,"parent":0,"menu_order":0,"comment_status":"closed","ping_status":"open","template":"","meta":{"_uag_custom_page_level_css":"","site-sidebar-layout":"default","site-content-layout":"","ast-site-content-layout":"default","site-content-style":"default","site-sidebar-style":"default","ast-global-header-display":"","ast-banner-title-visibility":"","ast-main-header-display":"","ast-hfb-above-header-display":"","ast-hfb-below-header-display":"","ast-hfb-mobile-header-display":"","site-post-title":"","ast-breadcrumbs-content":"","ast-featured-img":"","footer-sml-layout":"","ast-disable-related-posts":"","theme-transparent-header-meta":"","adv-header-id-meta":"","stick-header-meta":"","header-above-stick-meta":"","header-main-stick-meta":"","header-below-stick-meta":"","astra-migrate-meta-layouts":"default","ast-page-background-enabled":"default","ast-page-background-meta":{"desktop":{"background-color":"var(--ast-global-color-4)","background-image":"","background-repeat":"repeat","background-position":"center center","background-size":"auto","background-attachment":"scroll","background-type":"","background-media":"","overlay-type":"","overlay-color":"","overlay-opacity":"","overlay-gradient":""},"tablet":{"background-color":"","background-image":"","background-repeat":"repeat","background-position":"center center","background-size":"auto","background-attachment":"scroll","background-type":"","background-media":"","overlay-type":"","overlay-color":"","overlay-opacity":"","overlay-gradient":""},"mobile":{"background-color":"","background-image":"","background-repeat":"repeat","background-position":"center center","background-size":"auto","background-attachment":"scroll","background-type":"","background-media":"","overlay-type":"","overlay-color":"","overlay-opacity":"","overlay-gradient":""}},"ast-content-background-meta":{"desktop":{"background-color":"var(--ast-global-color-5)","background-image":"","background-repeat":"repeat","background-position":"center center","background-size":"auto","background-attachment":"scroll","background-type":"","background-media":"","overlay-type":"","overlay-color":"","overlay-opacity":"","overlay-gradient":""},"tablet":{"background-color":"var(--ast-global-color-5)","background-image":"","background-repeat":"repeat","background-position":"center center","background-size":"auto","background-attachment":"scroll","background-type":"","background-media":"","overlay-type":"","overlay-color":"","overlay-opacity":"","overlay-gradient":""},"mobile":{"background-color":"var(--ast-global-color-5)","background-image":"","background-repeat":"repeat","background-position":"center center","background-size":"auto","background-attachment":"scroll","background-type":"","background-media":"","overlay-type":"","overlay-color":"","overlay-opacity":"","overlay-gradient":""}},"footnotes":""},"class_list":["post-3","page","type-page","status-publish","hentry"],"uagb_featured_image_src":{"full":false,"thumbnail":false,"medium":false,"medium_large":false,"large":false,"1536x1536":false,"2048x2048":false},"uagb_author_info":{"display_name":"Admin","author_link":"https:\/\/vdmfk.videoportal.me\/?author=1"},"uagb_comment_info":0,"uagb_excerpt":"Unsere Verarbeitung personenbezogener Daten unserer Nutzer beschr\u00e4nkt sich auf jene Daten, die zur Bereitstellung einer funktionsf\u00e4higen Internetseite sowie unserer Inhalte und Leistungen erforderlich sind. Die Verarbeitung personenbezogener Daten unserer Nutzer erfolgt nur zu den unten aufgef\u00fchrten Zwecken und wenn eine rechtliche Grundlage (im Sinn der DSGVO) vorliegt. Es werden nur solche personenbezogenen Daten erhoben, die&hellip;","_links":{"self":[{"href":"https:\/\/vdmfk.videoportal.me\/index.php?rest_route=\/wp\/v2\/pages\/3","targetHints":{"allow":["GET"]}}],"collection":[{"href":"https:\/\/vdmfk.videoportal.me\/index.php?rest_route=\/wp\/v2\/pages"}],"about":[{"href":"https:\/\/vdmfk.videoportal.me\/index.php?rest_route=\/wp\/v2\/types\/page"}],"author":[{"embeddable":true,"href":"https:\/\/vdmfk.videoportal.me\/index.php?rest_route=\/wp\/v2\/users\/1"}],"replies":[{"embeddable":true,"href":"https:\/\/vdmfk.videoportal.me\/index.php?rest_route=%2Fwp%2Fv2%2Fcomments&post=3"}],"version-history":[{"count":1,"href":"https:\/\/vdmfk.videoportal.me\/index.php?rest_route=\/wp\/v2\/pages\/3\/revisions"}],"predecessor-version":[{"id":27,"href":"https:\/\/vdmfk.videoportal.me\/index.php?rest_route=\/wp\/v2\/pages\/3\/revisions\/27"}],"wp:attachment":[{"href":"https:\/\/vdmfk.videoportal.me\/index.php?rest_route=%2Fwp%2Fv2%2Fmedia&parent=3"}],"curies":[{"name":"wp","href":"https:\/\/api.w.org\/{rel}","templated":true}]}}